{"id":104,"date":"2023-02-21T07:37:34","date_gmt":"2023-02-21T07:37:34","guid":{"rendered":"https:\/\/demowp.webto.dk\/?page_id=104"},"modified":"2025-05-20T10:39:32","modified_gmt":"2025-05-20T10:39:32","slug":"kontakt","status":"publish","type":"page","link":"https:\/\/beezy365.com\/en\/kontakt\/","title":{"rendered":"Contact"},"content":{"rendered":"\t\t<div data-elementor-type=\"wp-page\" data-elementor-id=\"104\" class=\"elementor elementor-104\" data-elementor-post-type=\"page\">\n\t\t\t\t\t\t<section class=\"elementor-section elementor-top-section elementor-element elementor-element-850a43c elementor-section-boxed elementor-section-height-default elementor-section-height-default\" data-id=\"850a43c\" data-element_type=\"section\" data-e-type=\"section\" data-settings=\"{&quot;background_background&quot;:&quot;classic&quot;}\">\n\t\t\t\t\t\t<div class=\"elementor-container elementor-column-gap-default\">\n\t\t\t\t\t<div class=\"elementor-column elementor-col-100 elementor-top-column elementor-element elementor-element-bebb3c2\" data-id=\"bebb3c2\" data-element_type=\"column\" data-e-type=\"column\">\n\t\t\t<div class=\"elementor-widget-wrap elementor-element-populated\">\n\t\t\t\t\t\t<section class=\"elementor-section elementor-inner-section elementor-element elementor-element-a042ff3 elementor-section-boxed elementor-section-height-default elementor-section-height-default\" data-id=\"a042ff3\" data-element_type=\"section\" data-e-type=\"section\">\n\t\t\t\t\t\t<div class=\"elementor-container elementor-column-gap-default\">\n\t\t\t\t\t<div class=\"elementor-column elementor-col-50 elementor-inner-column elementor-element elementor-element-3a25c8c\" data-id=\"3a25c8c\" data-element_type=\"column\" data-e-type=\"column\">\n\t\t\t<div class=\"elementor-widget-wrap elementor-element-populated\">\n\t\t\t\t\t\t<div class=\"elementor-element elementor-element-e65a36d elementor-widget elementor-widget-google_maps\" data-id=\"e65a36d\" data-element_type=\"widget\" data-e-type=\"widget\" data-widget_type=\"google_maps.default\">\n\t\t\t\t<div class=\"elementor-widget-container\">\n\t\t\t\t\t\t\t<div class=\"elementor-custom-embed\">\n\t\t\t<iframe loading=\"lazy\"\n\t\t\t\t\tsrc=\"https:\/\/www.google.com\/maps\/embed\/v1\/place?key=AIzaSyB75MTMfe2UxbXJEWYlw2Mcw2M0KWFrpVc&#038;q=Danmarksgade%202a&#038;zoom=10\"\n\t\t\t\t\ttitle=\"Danmarksgade 2a\"\n\t\t\t\t\taria-label=\"Danmarksgade 2a\"\n\t\t\t><\/iframe>\n\t\t<\/div>\n\t\t\t\t\t\t<\/div>\n\t\t\t\t<\/div>\n\t\t\t\t\t<\/div>\n\t\t<\/div>\n\t\t\t\t<div class=\"elementor-column elementor-col-50 elementor-inner-column elementor-element elementor-element-99b25b0\" data-id=\"99b25b0\" data-element_type=\"column\" data-e-type=\"column\" data-settings=\"{&quot;background_background&quot;:&quot;classic&quot;}\">\n\t\t\t<div class=\"elementor-widget-wrap elementor-element-populated\">\n\t\t\t\t\t\t<div class=\"elementor-element elementor-element-25acc03 elementor-widget elementor-widget-heading\" data-id=\"25acc03\" data-element_type=\"widget\" data-e-type=\"widget\" data-widget_type=\"heading.default\">\n\t\t\t\t<div class=\"elementor-widget-container\">\n\t\t\t\t\t<h1 class=\"elementor-heading-title elementor-size-default\">Kontakt Beezy365<\/h1>\t\t\t\t<\/div>\n\t\t\t\t<\/div>\n\t\t\t\t<div class=\"elementor-element elementor-element-ef64bea elementor-widget elementor-widget-text-editor\" data-id=\"ef64bea\" data-element_type=\"widget\" data-e-type=\"widget\" data-widget_type=\"text-editor.default\">\n\t\t\t\t<div class=\"elementor-widget-container\">\n\t\t\t\t\t\t\t\t\t<p>Har du sp\u00f8rgsm\u00e5l, eller vil du vide mere om, hvordan vores l\u00f8sninger kan styrke din virksomhed? Hos Beezy365 er vi altid klar til at hj\u00e6lpe dig.<\/p>\t\t\t\t\t\t\t\t<\/div>\n\t\t\t\t<\/div>\n\t\t\t\t<div class=\"elementor-element elementor-element-dc7d2ab elementor-icon-list--layout-traditional elementor-list-item-link-full_width elementor-widget elementor-widget-icon-list\" data-id=\"dc7d2ab\" data-element_type=\"widget\" data-e-type=\"widget\" data-widget_type=\"icon-list.default\">\n\t\t\t\t<div class=\"elementor-widget-container\">\n\t\t\t\t\t\t\t<ul class=\"elementor-icon-list-items\">\n\t\t\t\t\t\t\t<li class=\"elementor-icon-list-item\">\n\t\t\t\t\t\t\t\t\t\t\t<a href=\"mailto:%20info@beezy365.com\">\n\n\t\t\t\t\t\t\t\t\t\t\t\t<span class=\"elementor-icon-list-icon\">\n\t\t\t\t\t\t\t<i aria-hidden=\"true\" class=\"fas fa-envelope\"><\/i>\t\t\t\t\t\t<\/span>\n\t\t\t\t\t\t\t\t\t\t<span class=\"elementor-icon-list-text\">info@beezy365.com<\/span>\n\t\t\t\t\t\t\t\t\t\t\t<\/a>\n\t\t\t\t\t\t\t\t\t<\/li>\n\t\t\t\t\t\t\t\t<li class=\"elementor-icon-list-item\">\n\t\t\t\t\t\t\t\t\t\t\t<a href=\"http:\/\/Google%20Adresse\">\n\n\t\t\t\t\t\t\t\t\t\t\t\t<span class=\"elementor-icon-list-icon\">\n\t\t\t\t\t\t\t<i aria-hidden=\"true\" class=\"fas fa-map-marker-alt\"><\/i>\t\t\t\t\t\t<\/span>\n\t\t\t\t\t\t\t\t\t\t<span class=\"elementor-icon-list-text\">Danmarksgade 2a, 4690 Haslev<\/span>\n\t\t\t\t\t\t\t\t\t\t\t<\/a>\n\t\t\t\t\t\t\t\t\t<\/li>\n\t\t\t\t\t\t\t\t<li class=\"elementor-icon-list-item\">\n\t\t\t\t\t\t\t\t\t\t\t<span class=\"elementor-icon-list-icon\">\n\t\t\t\t\t\t\t<i aria-hidden=\"true\" class=\"fas fa-id-card\"><\/i>\t\t\t\t\t\t<\/span>\n\t\t\t\t\t\t\t\t\t\t<span class=\"elementor-icon-list-text\">CVR: 25470168<\/span>\n\t\t\t\t\t\t\t\t\t<\/li>\n\t\t\t\t\t\t<\/ul>\n\t\t\t\t\t\t<\/div>\n\t\t\t\t<\/div>\n\t\t\t\t<div class=\"elementor-element elementor-element-5d24e8b elementor-widget__width-initial elementor-widget elementor-widget-text-editor\" data-id=\"5d24e8b\" data-element_type=\"widget\" data-e-type=\"widget\" data-widget_type=\"text-editor.default\">\n\t\t\t\t<div class=\"elementor-widget-container\">\n\t\t\t\t\t\t\t\t\t<p>Andre vigtige oplysninger, som du kan f\u00e5 behov for n\u00e5r du samarbejder med os:\u00a0<\/p><p>faktura@beezy365.com\u00a0<\/p><p><strong>Bankforbindelse:<\/strong> Nykredit bank<br \/><strong>Kontonummer:<\/strong> 8117-0001639743<\/p><p><strong>IBAN<\/strong>: DK6781170001639743<br \/><strong>SWIFT<\/strong>: NYKBDKKK<\/p>\t\t\t\t\t\t\t\t<\/div>\n\t\t\t\t<\/div>\n\t\t\t\t\t<\/div>\n\t\t<\/div>\n\t\t\t\t\t<\/div>\n\t\t<\/section>\n\t\t\t\t\t<\/div>\n\t\t<\/div>\n\t\t\t\t\t<\/div>\n\t\t<\/section>\n\t\t\t\t<section class=\"elementor-section elementor-top-section elementor-element elementor-element-2addaca elementor-section-boxed elementor-section-height-default elementor-section-height-default\" data-id=\"2addaca\" data-element_type=\"section\" data-e-type=\"section\" data-settings=\"{&quot;background_background&quot;:&quot;classic&quot;}\">\n\t\t\t\t\t\t<div class=\"elementor-container elementor-column-gap-default\">\n\t\t\t\t\t<div class=\"elementor-column elementor-col-100 elementor-top-column elementor-element elementor-element-615945a\" data-id=\"615945a\" data-element_type=\"column\" data-e-type=\"column\">\n\t\t\t<div class=\"elementor-widget-wrap elementor-element-populated\">\n\t\t\t\t\t\t<section class=\"elementor-section elementor-inner-section elementor-element elementor-element-743f447 elementor-reverse-mobile elementor-section-boxed elementor-section-height-default elementor-section-height-default\" data-id=\"743f447\" data-element_type=\"section\" data-e-type=\"section\">\n\t\t\t\t\t\t<div class=\"elementor-container elementor-column-gap-default\">\n\t\t\t\t\t<div class=\"elementor-column elementor-col-50 elementor-inner-column elementor-element elementor-element-329b744\" data-id=\"329b744\" data-element_type=\"column\" data-e-type=\"column\">\n\t\t\t<div class=\"elementor-widget-wrap elementor-element-populated\">\n\t\t\t\t\t\t<div class=\"elementor-element elementor-element-4850095 elementor-widget elementor-widget-heading\" data-id=\"4850095\" data-element_type=\"widget\" data-e-type=\"widget\" data-widget_type=\"heading.default\">\n\t\t\t\t<div class=\"elementor-widget-container\">\n\t\t\t\t\t<h2 class=\"elementor-heading-title elementor-size-default\">Bliv kontaktet....<\/h2>\t\t\t\t<\/div>\n\t\t\t\t<\/div>\n\t\t\t\t<div class=\"elementor-element elementor-element-ce72905 elementor-button-align-start elementor-widget elementor-widget-form\" data-id=\"ce72905\" data-element_type=\"widget\" data-e-type=\"widget\" data-settings=\"{&quot;step_next_label&quot;:&quot;N\\u00e6ste&quot;,&quot;step_previous_label&quot;:&quot;Tidligere&quot;,&quot;button_width&quot;:&quot;100&quot;,&quot;step_type&quot;:&quot;number_text&quot;,&quot;step_icon_shape&quot;:&quot;circle&quot;}\" data-widget_type=\"form.default\">\n\t\t\t\t<div class=\"elementor-widget-container\">\n\t\t\t\t\t\t\t<form class=\"elementor-form\" method=\"post\" name=\"Kontaktformular\">\n\t\t\t<input type=\"hidden\" name=\"post_id\" value=\"104\"\/>\n\t\t\t<input type=\"hidden\" name=\"form_id\" value=\"ce72905\"\/>\n\t\t\t<input type=\"hidden\" name=\"referer_title\" value=\"Kontakt - Beezy365\" \/>\n\n\t\t\t\t\t\t\t<input type=\"hidden\" name=\"queried_id\" value=\"104\"\/>\n\t\t\t\n\t\t\t<div class=\"elementor-form-fields-wrapper elementor-labels-\">\n\t\t\t\t\t\t\t\t<div class=\"elementor-field-type-textarea elementor-field-group elementor-column elementor-field-group-besked elementor-col-100 elementor-field-required\">\n\t\t\t\t\t\t\t\t\t\t\t\t<label for=\"form-field-besked\" class=\"elementor-field-label elementor-screen-only\">\n\t\t\t\t\t\t\t\tBesked\t\t\t\t\t\t\t<\/label>\n\t\t\t\t\t\t<textarea class=\"elementor-field-textual elementor-field  elementor-size-lg\" name=\"form_fields[besked]\" id=\"form-field-besked\" rows=\"4\" placeholder=\"Har du en besked til os?\" required=\"required\" aria-required=\"true\"><\/textarea>\t\t\t\t<\/div>\n\t\t\t\t\t\t\t\t<div class=\"elementor-field-type-html elementor-field-group elementor-column elementor-field-group-field_9b08dda elementor-col-100\">\n\t\t\t\t\tHvordan m\u00e5 vi kontakte dig?\t\t\t\t<\/div>\n\t\t\t\t\t\t\t\t<div class=\"elementor-field-type-email elementor-field-group elementor-column elementor-field-group-email elementor-col-100 elementor-field-required\">\n\t\t\t\t\t\t\t\t\t\t\t\t<label for=\"form-field-email\" class=\"elementor-field-label elementor-screen-only\">\n\t\t\t\t\t\t\t\tE-mail\t\t\t\t\t\t\t<\/label>\n\t\t\t\t\t\t\t\t\t\t\t\t\t\t<input size=\"1\" type=\"email\" name=\"form_fields[email]\" id=\"form-field-email\" class=\"elementor-field elementor-size-lg  elementor-field-textual\" placeholder=\"Hvad er din E-mail?\" required=\"required\" aria-required=\"true\">\n\t\t\t\t\t\t\t\t\t\t\t<\/div>\n\t\t\t\t\t\t\t\t<div class=\"elementor-field-type-text elementor-field-group elementor-column elementor-field-group-navn elementor-col-50\">\n\t\t\t\t\t\t\t\t\t\t\t\t<label for=\"form-field-navn\" class=\"elementor-field-label elementor-screen-only\">\n\t\t\t\t\t\t\t\tNavn\t\t\t\t\t\t\t<\/label>\n\t\t\t\t\t\t\t\t\t\t\t\t\t\t<input size=\"1\" type=\"text\" name=\"form_fields[navn]\" id=\"form-field-navn\" class=\"elementor-field elementor-size-lg  elementor-field-textual\" placeholder=\"Hvad er dit navn?\">\n\t\t\t\t\t\t\t\t\t\t\t<\/div>\n\t\t\t\t\t\t\t\t<div class=\"elementor-field-type-tel elementor-field-group elementor-column elementor-field-group-telefon elementor-col-50\">\n\t\t\t\t\t\t\t\t\t\t\t\t<label for=\"form-field-telefon\" class=\"elementor-field-label elementor-screen-only\">\n\t\t\t\t\t\t\t\tTelefon\t\t\t\t\t\t\t<\/label>\n\t\t\t\t\t\t\t\t<input size=\"1\" type=\"tel\" name=\"form_fields[telefon]\" id=\"form-field-telefon\" class=\"elementor-field elementor-size-lg  elementor-field-textual\" placeholder=\"Hvad er dit Tlf. nr?\" pattern=\"[0-9()#&amp;+*-=.]+\" title=\"Kun tal og telefonkarakterer (#,-,*, o.s.v.) accepteres.\">\n\n\t\t\t\t\t\t<\/div>\n\t\t\t\t\t\t\t\t<div class=\"elementor-field-type-text\">\n\t\t\t\t\t<input size=\"1\" type=\"text\" name=\"form_fields[field_ef59f90]\" id=\"form-field-field_ef59f90\" class=\"elementor-field elementor-size-lg \" style=\"display:none !important;\">\t\t\t\t<\/div>\n\t\t\t\t\t\t\t\t<div class=\"elementor-field-type-recaptcha_v3 elementor-field-group elementor-column elementor-field-group-field_4d05d03 elementor-col-100 recaptcha_v3-bottomleft\">\n\t\t\t\t\t<div class=\"elementor-field\" id=\"form-field-field_4d05d03\"><div class=\"elementor-g-recaptcha\" data-sitekey=\"6LcwPDgqAAAAAPQxFc-e1KsG4YH9PnFS_9tGY02D\" data-type=\"v3\" data-action=\"Form\" data-badge=\"bottomleft\" data-size=\"invisible\"><\/div><\/div>\t\t\t\t<\/div>\n\t\t\t\t\t\t\t\t<div class=\"elementor-field-group elementor-column elementor-field-type-submit elementor-col-100 e-form__buttons\">\n\t\t\t\t\t<button class=\"elementor-button elementor-size-sm\" type=\"submit\">\n\t\t\t\t\t\t<span class=\"elementor-button-content-wrapper\">\n\t\t\t\t\t\t\t\t\t\t\t\t\t\t\t\t\t\t\t\t\t\t<span class=\"elementor-button-text\">Send besked<\/span>\n\t\t\t\t\t\t\t\t\t\t\t\t\t<\/span>\n\t\t\t\t\t<\/button>\n\t\t\t\t<\/div>\n\t\t\t<\/div>\n\t\t<\/form>\n\t\t\t\t\t\t<\/div>\n\t\t\t\t<\/div>\n\t\t\t\t\t<\/div>\n\t\t<\/div>\n\t\t\t\t<div class=\"elementor-column elementor-col-50 elementor-inner-column elementor-element elementor-element-508983b\" data-id=\"508983b\" data-element_type=\"column\" data-e-type=\"column\">\n\t\t\t<div class=\"elementor-widget-wrap elementor-element-populated\">\n\t\t\t\t\t\t<div class=\"elementor-element elementor-element-eb9b888 elementor-widget elementor-widget-image\" data-id=\"eb9b888\" data-element_type=\"widget\" data-e-type=\"widget\" data-widget_type=\"image.default\">\n\t\t\t\t<div class=\"elementor-widget-container\">\n\t\t\t\t\t\t\t\t\t\t\t\t\t\t\t<img fetchpriority=\"high\" decoding=\"async\" width=\"512\" height=\"512\" src=\"https:\/\/beezy365.com\/wp-content\/uploads\/2023\/02\/stor-favicon.png\" class=\"attachment-large size-large wp-image-1176\" alt=\"Beezy365\" srcset=\"https:\/\/beezy365.com\/wp-content\/uploads\/2023\/02\/stor-favicon.png 512w, https:\/\/beezy365.com\/wp-content\/uploads\/2023\/02\/stor-favicon-300x300.png 300w, https:\/\/beezy365.com\/wp-content\/uploads\/2023\/02\/stor-favicon-150x150.png 150w\" sizes=\"(max-width: 512px) 100vw, 512px\" \/>\t\t\t\t\t\t\t\t\t\t\t\t\t\t\t<\/div>\n\t\t\t\t<\/div>\n\t\t\t\t<div class=\"elementor-element elementor-element-779e113 elementor-widget elementor-widget-heading\" data-id=\"779e113\" data-element_type=\"widget\" data-e-type=\"widget\" data-widget_type=\"heading.default\">\n\t\t\t\t<div class=\"elementor-widget-container\">\n\t\t\t\t\t<h2 class=\"elementor-heading-title elementor-size-default\">Skal vi tage en snak?<\/h2>\t\t\t\t<\/div>\n\t\t\t\t<\/div>\n\t\t\t\t<div class=\"elementor-element elementor-element-191b907 elementor-widget elementor-widget-text-editor\" data-id=\"191b907\" data-element_type=\"widget\" data-e-type=\"widget\" data-widget_type=\"text-editor.default\">\n\t\t\t\t<div class=\"elementor-widget-container\">\n\t\t\t\t\t\t\t\t\t<p>Ingen sp\u00f8rgsm\u00e5l er for sm\u00e5, og ingen udfordringer er for store.\u00a0<br \/><span style=\"color: var( --e-global-color-115d8ff ); background-color: var( --e-global-color-primary );\">Hos Beezy365 er vi her for dig 365 dage om \u00e5ret!<\/span><\/p><p><strong>Vi ser frem til at h\u00f8re fra dig<\/strong><\/p>\t\t\t\t\t\t\t\t<\/div>\n\t\t\t\t<\/div>\n\t\t\t\t\t<\/div>\n\t\t<\/div>\n\t\t\t\t\t<\/div>\n\t\t<\/section>\n\t\t\t\t\t<\/div>\n\t\t<\/div>\n\t\t\t\t\t<\/div>\n\t\t<\/section>\n\t\t\t\t<\/div>\n\t\t","protected":false},"excerpt":{"rendered":"<p>Kontakt Beezy365 Har du sp\u00f8rgsm\u00e5l, eller vil du vide mere om, hvordan vores l\u00f8sninger kan styrke din virksomhed? Hos Beezy365 er vi altid klar til at hj\u00e6lpe dig. info@beezy365.com Danmarksgade 2a, 4690 Haslev CVR: 25470168 Andre vigtige oplysninger, som du kan f\u00e5 behov for n\u00e5r du samarbejder med os:\u00a0 faktura@beezy365.com\u00a0 Bankforbindelse: Nykredit bankKontonummer: 8117-0001639743 IBAN: [&hellip;]<\/p>\n","protected":false},"author":1,"featured_media":1176,"parent":0,"menu_order":0,"comment_status":"closed","ping_status":"closed","template":"","meta":{"iawp_total_views":680,"footnotes":""},"class_list":["post-104","page","type-page","status-publish","has-post-thumbnail","hentry"],"yoast_head":"<!-- This site is optimized with the Yoast SEO plugin v27.6 - https:\/\/yoast.com\/product\/yoast-seo-wordpress\/ -->\n<title>Kontakt - Beezy365<\/title>\n<meta name=\"description\" content=\"Har du sp\u00f8rgsm\u00e5l, eller vil du vide mere om, hvordan vores l\u00f8sninger kan styrke din virksomhed? Hos Beezy365 er vi altid klar til at hj\u00e6lpe dig.\" \/>\n<meta name=\"robots\" content=\"index, follow, max-snippet:-1, max-image-preview:large, max-video-preview:-1\" \/>\n<link rel=\"canonical\" href=\"https:\/\/beezy365.com\/en\/kontakt\/\" \/>\n<meta property=\"og:locale\" content=\"en_GB\" \/>\n<meta property=\"og:type\" content=\"article\" \/>\n<meta property=\"og:title\" content=\"Kontakt - Beezy365\" \/>\n<meta property=\"og:description\" content=\"Har du sp\u00f8rgsm\u00e5l, eller vil du vide mere om, hvordan vores l\u00f8sninger kan styrke din virksomhed? Hos Beezy365 er vi altid klar til at hj\u00e6lpe dig.\" \/>\n<meta property=\"og:url\" content=\"https:\/\/beezy365.com\/en\/kontakt\/\" \/>\n<meta property=\"og:site_name\" content=\"Beezy365\" \/>\n<meta property=\"article:modified_time\" content=\"2025-05-20T10:39:32+00:00\" \/>\n<meta property=\"og:image\" content=\"https:\/\/beezy365.com\/wp-content\/uploads\/2023\/02\/stor-favicon.png\" \/>\n\t<meta property=\"og:image:width\" content=\"512\" \/>\n\t<meta property=\"og:image:height\" content=\"512\" \/>\n\t<meta property=\"og:image:type\" content=\"image\/png\" \/>\n<meta name=\"twitter:card\" content=\"summary_large_image\" \/>\n<meta name=\"twitter:label1\" content=\"Estimated reading time\" \/>\n\t<meta name=\"twitter:data1\" content=\"1 minute\" \/>\n<script type=\"application\/ld+json\" class=\"yoast-schema-graph\">{\"@context\":\"https:\\\/\\\/schema.org\",\"@graph\":[{\"@type\":\"WebPage\",\"@id\":\"https:\\\/\\\/beezy365.com\\\/kontakt\\\/\",\"url\":\"https:\\\/\\\/beezy365.com\\\/kontakt\\\/\",\"name\":\"Kontakt - Beezy365\",\"isPartOf\":{\"@id\":\"https:\\\/\\\/beezy365.com\\\/#website\"},\"primaryImageOfPage\":{\"@id\":\"https:\\\/\\\/beezy365.com\\\/kontakt\\\/#primaryimage\"},\"image\":{\"@id\":\"https:\\\/\\\/beezy365.com\\\/kontakt\\\/#primaryimage\"},\"thumbnailUrl\":\"https:\\\/\\\/beezy365.com\\\/wp-content\\\/uploads\\\/2023\\\/02\\\/stor-favicon.png\",\"datePublished\":\"2023-02-21T07:37:34+00:00\",\"dateModified\":\"2025-05-20T10:39:32+00:00\",\"description\":\"Har du sp\u00f8rgsm\u00e5l, eller vil du vide mere om, hvordan vores l\u00f8sninger kan styrke din virksomhed? Hos Beezy365 er vi altid klar til at hj\u00e6lpe dig.\",\"breadcrumb\":{\"@id\":\"https:\\\/\\\/beezy365.com\\\/kontakt\\\/#breadcrumb\"},\"inLanguage\":\"en-GB\",\"potentialAction\":[{\"@type\":\"ReadAction\",\"target\":[\"https:\\\/\\\/beezy365.com\\\/kontakt\\\/\"]}]},{\"@type\":\"ImageObject\",\"inLanguage\":\"en-GB\",\"@id\":\"https:\\\/\\\/beezy365.com\\\/kontakt\\\/#primaryimage\",\"url\":\"https:\\\/\\\/beezy365.com\\\/wp-content\\\/uploads\\\/2023\\\/02\\\/stor-favicon.png\",\"contentUrl\":\"https:\\\/\\\/beezy365.com\\\/wp-content\\\/uploads\\\/2023\\\/02\\\/stor-favicon.png\",\"width\":512,\"height\":512,\"caption\":\"Beezy365\"},{\"@type\":\"BreadcrumbList\",\"@id\":\"https:\\\/\\\/beezy365.com\\\/kontakt\\\/#breadcrumb\",\"itemListElement\":[{\"@type\":\"ListItem\",\"position\":1,\"name\":\"Hjem\",\"item\":\"https:\\\/\\\/beezy365.com\\\/\"},{\"@type\":\"ListItem\",\"position\":2,\"name\":\"Kontakt\"}]},{\"@type\":\"WebSite\",\"@id\":\"https:\\\/\\\/beezy365.com\\\/#website\",\"url\":\"https:\\\/\\\/beezy365.com\\\/\",\"name\":\"Beezy365\",\"description\":\"F\u00e5 skabt sammeh\u00e6ngskraft i din virksomhed\",\"publisher\":{\"@id\":\"https:\\\/\\\/beezy365.com\\\/#organization\"},\"potentialAction\":[{\"@type\":\"SearchAction\",\"target\":{\"@type\":\"EntryPoint\",\"urlTemplate\":\"https:\\\/\\\/beezy365.com\\\/?s={search_term_string}\"},\"query-input\":{\"@type\":\"PropertyValueSpecification\",\"valueRequired\":true,\"valueName\":\"search_term_string\"}}],\"inLanguage\":\"en-GB\"},{\"@type\":\"Organization\",\"@id\":\"https:\\\/\\\/beezy365.com\\\/#organization\",\"name\":\"Beezy365\",\"url\":\"https:\\\/\\\/beezy365.com\\\/\",\"logo\":{\"@type\":\"ImageObject\",\"inLanguage\":\"en-GB\",\"@id\":\"https:\\\/\\\/beezy365.com\\\/#\\\/schema\\\/logo\\\/image\\\/\",\"url\":\"https:\\\/\\\/beezy365.com\\\/wp-content\\\/uploads\\\/2023\\\/02\\\/Beezy365-logo-fri.png\",\"contentUrl\":\"https:\\\/\\\/beezy365.com\\\/wp-content\\\/uploads\\\/2023\\\/02\\\/Beezy365-logo-fri.png\",\"width\":2560,\"height\":554,\"caption\":\"Beezy365\"},\"image\":{\"@id\":\"https:\\\/\\\/beezy365.com\\\/#\\\/schema\\\/logo\\\/image\\\/\"}}]}<\/script>\n<!-- \/ Yoast SEO plugin. -->","yoast_head_json":{"title":"Kontakt - Beezy365","description":"Do you have questions or would you like to know more about how our solutions can strengthen your business? At Beezy365, we are always ready to help you.","robots":{"index":"index","follow":"follow","max-snippet":"max-snippet:-1","max-image-preview":"max-image-preview:large","max-video-preview":"max-video-preview:-1"},"canonical":"https:\/\/beezy365.com\/en\/kontakt\/","og_locale":"en_GB","og_type":"article","og_title":"Kontakt - Beezy365","og_description":"Har du sp\u00f8rgsm\u00e5l, eller vil du vide mere om, hvordan vores l\u00f8sninger kan styrke din virksomhed? Hos Beezy365 er vi altid klar til at hj\u00e6lpe dig.","og_url":"https:\/\/beezy365.com\/en\/kontakt\/","og_site_name":"Beezy365","article_modified_time":"2025-05-20T10:39:32+00:00","og_image":[{"width":512,"height":512,"url":"https:\/\/beezy365.com\/wp-content\/uploads\/2023\/02\/stor-favicon.png","type":"image\/png"}],"twitter_card":"summary_large_image","twitter_misc":{"Estimated reading time":"1 minute"},"schema":{"@context":"https:\/\/schema.org","@graph":[{"@type":"WebPage","@id":"https:\/\/beezy365.com\/kontakt\/","url":"https:\/\/beezy365.com\/kontakt\/","name":"Kontakt - Beezy365","isPartOf":{"@id":"https:\/\/beezy365.com\/#website"},"primaryImageOfPage":{"@id":"https:\/\/beezy365.com\/kontakt\/#primaryimage"},"image":{"@id":"https:\/\/beezy365.com\/kontakt\/#primaryimage"},"thumbnailUrl":"https:\/\/beezy365.com\/wp-content\/uploads\/2023\/02\/stor-favicon.png","datePublished":"2023-02-21T07:37:34+00:00","dateModified":"2025-05-20T10:39:32+00:00","description":"Do you have questions or would you like to know more about how our solutions can strengthen your business? At Beezy365, we are always ready to help you.","breadcrumb":{"@id":"https:\/\/beezy365.com\/kontakt\/#breadcrumb"},"inLanguage":"en-GB","potentialAction":[{"@type":"ReadAction","target":["https:\/\/beezy365.com\/kontakt\/"]}]},{"@type":"ImageObject","inLanguage":"en-GB","@id":"https:\/\/beezy365.com\/kontakt\/#primaryimage","url":"https:\/\/beezy365.com\/wp-content\/uploads\/2023\/02\/stor-favicon.png","contentUrl":"https:\/\/beezy365.com\/wp-content\/uploads\/2023\/02\/stor-favicon.png","width":512,"height":512,"caption":"Beezy365"},{"@type":"BreadcrumbList","@id":"https:\/\/beezy365.com\/kontakt\/#breadcrumb","itemListElement":[{"@type":"ListItem","position":1,"name":"Hjem","item":"https:\/\/beezy365.com\/"},{"@type":"ListItem","position":2,"name":"Kontakt"}]},{"@type":"WebSite","@id":"https:\/\/beezy365.com\/#website","url":"https:\/\/beezy365.com\/","name":"Beezy365","description":"Create cohesiveness in your company","publisher":{"@id":"https:\/\/beezy365.com\/#organization"},"potentialAction":[{"@type":"SearchAction","target":{"@type":"EntryPoint","urlTemplate":"https:\/\/beezy365.com\/?s={search_term_string}"},"query-input":{"@type":"PropertyValueSpecification","valueRequired":true,"valueName":"search_term_string"}}],"inLanguage":"en-GB"},{"@type":"Organization","@id":"https:\/\/beezy365.com\/#organization","name":"Beezy365","url":"https:\/\/beezy365.com\/","logo":{"@type":"ImageObject","inLanguage":"en-GB","@id":"https:\/\/beezy365.com\/#\/schema\/logo\/image\/","url":"https:\/\/beezy365.com\/wp-content\/uploads\/2023\/02\/Beezy365-logo-fri.png","contentUrl":"https:\/\/beezy365.com\/wp-content\/uploads\/2023\/02\/Beezy365-logo-fri.png","width":2560,"height":554,"caption":"Beezy365"},"image":{"@id":"https:\/\/beezy365.com\/#\/schema\/logo\/image\/"}}]}},"_links":{"self":[{"href":"https:\/\/beezy365.com\/en\/wp-json\/wp\/v2\/pages\/104","targetHints":{"allow":["GET"]}}],"collection":[{"href":"https:\/\/beezy365.com\/en\/wp-json\/wp\/v2\/pages"}],"about":[{"href":"https:\/\/beezy365.com\/en\/wp-json\/wp\/v2\/types\/page"}],"author":[{"embeddable":true,"href":"https:\/\/beezy365.com\/en\/wp-json\/wp\/v2\/users\/1"}],"replies":[{"embeddable":true,"href":"https:\/\/beezy365.com\/en\/wp-json\/wp\/v2\/comments?post=104"}],"version-history":[{"count":82,"href":"https:\/\/beezy365.com\/en\/wp-json\/wp\/v2\/pages\/104\/revisions"}],"predecessor-version":[{"id":1348,"href":"https:\/\/beezy365.com\/en\/wp-json\/wp\/v2\/pages\/104\/revisions\/1348"}],"wp:featuredmedia":[{"embeddable":true,"href":"https:\/\/beezy365.com\/en\/wp-json\/wp\/v2\/media\/1176"}],"wp:attachment":[{"href":"https:\/\/beezy365.com\/en\/wp-json\/wp\/v2\/media?parent=104"}],"curies":[{"name":"wp","href":"https:\/\/api.w.org\/{rel}","templated":true}]}}